{"id":261242,"date":"2025-02-03T14:15:52","date_gmt":"2025-02-03T12:15:52","guid":{"rendered":"https:\/\/abogadoses.net\/?page_id=261242"},"modified":"2025-02-03T14:15:53","modified_gmt":"2025-02-03T12:15:53","slug":"otros-servicios","status":"publish","type":"page","link":"https:\/\/abogadoses.net\/index.php\/servicios\/otros-servicios\/","title":{"rendered":"Otros Servicios"},"content":{"rendered":"<p>[et_pb_section fb_built=\u00bb1&#8243; theme_builder_area=\u00bbpost_content\u00bb _builder_version=\u00bb4.27.4&#8243; _module_preset=\u00bbdefault\u00bb][et_pb_row _builder_version=\u00bb4.27.4&#8243; _module_preset=\u00bbdefault\u00bb theme_builder_area=\u00bbpost_content\u00bb][et_pb_column _builder_version=\u00bb4.27.4&#8243; _module_preset=\u00bbdefault\u00bb type=\u00bb4_4&#8243; theme_builder_area=\u00bbpost_content\u00bb][et_pb_text _builder_version=\u00bb4.27.4&#8243; _module_preset=\u00bbdefault\u00bb theme_builder_area=\u00bbpost_content\u00bb global_colors_info=\u00bb{%22gcid-1cc525fe-f33a-4cfe-b931-21aa8cb59b57%22:%91%22header_4_text_color%22%93}\u00bb header_4_text_color=\u00bbgcid-1cc525fe-f33a-4cfe-b931-21aa8cb59b57&#8243; hover_enabled=\u00bb0&#8243; sticky_enabled=\u00bb0&#8243;]<\/p>\n<div class=\"wpb_text_column wpb_content_element \" bis_skin_checked=\"1\">\n<div class=\"wpb_wrapper\" bis_skin_checked=\"1\">\n<h4><strong>OTROS SERVICIOS QUE SE PRESTAN A CLIENTES DEL DESPACHO POR:<\/strong><\/h4>\n<\/div>\n<\/div>\n<div class=\"vc_row wpb_row vc_inner vc_row-fluid\" bis_skin_checked=\"1\">\n<div class=\"wpb_column vc_column_container vc_col-sm-8\" bis_skin_checked=\"1\">\n<div class=\"vc_column-inner\" bis_skin_checked=\"1\">\n<div class=\"wpb_wrapper\" bis_skin_checked=\"1\">\n<div class=\"wpb_text_column wpb_content_element \" bis_skin_checked=\"1\">\n<div class=\"wpb_wrapper\" bis_skin_checked=\"1\">\n<p><strong><\/strong><\/p>\n<p><strong>Colaboradores externos<\/strong>: Servicios de traducci\u00f3n, ingl\u00e9s y franc\u00e9s, de documentos jur\u00eddicos en directa e inversa.<\/p>\n<p>&nbsp;<\/p>\n<\/div>\n<\/div>\n<\/div>\n<\/div>\n<\/div>\n<div class=\"wpb_column vc_column_container vc_col-sm-4\" bis_skin_checked=\"1\">\n<div class=\"vc_column-inner\" bis_skin_checked=\"1\">\n<div class=\"wpb_wrapper\" bis_skin_checked=\"1\">\n<div class=\"wpb_single_image wpb_content_element vc_align_center\" bis_skin_checked=\"1\">\n<figure class=\"wpb_wrapper vc_figure\">\n<div class=\"vc_single_image-wrapper   vc_box_border_grey\" bis_skin_checked=\"1\"><img width=\"640\" height=\"800\" src=\"https:\/\/www.rpagyabogados.es\/wp-content\/uploads\/2020\/10\/pedro-sanz-be4btogia04-unsplash.jpg\" class=\"vc_single_image-img attachment-large\" alt=\"\" decoding=\"async\" loading=\"lazy\" title=\"pedro-sanz-be4btogia04-unsplash\" srcset=\"https:\/\/www.rpagyabogados.es\/wp-content\/uploads\/2020\/10\/pedro-sanz-be4btogia04-unsplash.jpg 640w, https:\/\/www.rpagyabogados.es\/wp-content\/uploads\/2020\/10\/pedro-sanz-be4btogia04-unsplash-240x300.jpg 240w\" sizes=\"100vw\" style=\"display: block; margin-left: auto; margin-right: auto;\" \/><\/div>\n<\/figure>\n<\/div>\n<\/div>\n<\/div>\n<\/div>\n<\/div>\n<p>[\/et_pb_text][\/et_pb_column][\/et_pb_row][\/et_pb_section]<\/p>\n","protected":false},"excerpt":{"rendered":"<p>OTROS SERVICIOS QUE SE PRESTAN A CLIENTES DEL DESPACHO POR: Colaboradores externos: Servicios de traducci\u00f3n, ingl\u00e9s y franc\u00e9s, de documentos jur\u00eddicos en directa e inversa. &nbsp;<\/p>\n","protected":false},"author":1,"featured_media":0,"parent":261165,"menu_order":0,"comment_status":"closed","ping_status":"closed","template":"","meta":{"_et_pb_use_builder":"on","_et_pb_old_content":"","_et_gb_content_width":"","footnotes":""},"class_list":["post-261242","page","type-page","status-publish","hentry"],"_links":{"self":[{"href":"https:\/\/abogadoses.net\/index.php\/wp-json\/wp\/v2\/pages\/261242","targetHints":{"allow":["GET"]}}],"collection":[{"href":"https:\/\/abogadoses.net\/index.php\/wp-json\/wp\/v2\/pages"}],"about":[{"href":"https:\/\/abogadoses.net\/index.php\/wp-json\/wp\/v2\/types\/page"}],"author":[{"embeddable":true,"href":"https:\/\/abogadoses.net\/index.php\/wp-json\/wp\/v2\/users\/1"}],"replies":[{"embeddable":true,"href":"https:\/\/abogadoses.net\/index.php\/wp-json\/wp\/v2\/comments?post=261242"}],"version-history":[{"count":2,"href":"https:\/\/abogadoses.net\/index.php\/wp-json\/wp\/v2\/pages\/261242\/revisions"}],"predecessor-version":[{"id":261244,"href":"https:\/\/abogadoses.net\/index.php\/wp-json\/wp\/v2\/pages\/261242\/revisions\/261244"}],"up":[{"embeddable":true,"href":"https:\/\/abogadoses.net\/index.php\/wp-json\/wp\/v2\/pages\/261165"}],"wp:attachment":[{"href":"https:\/\/abogadoses.net\/index.php\/wp-json\/wp\/v2\/media?parent=261242"}],"curies":[{"name":"wp","href":"https:\/\/api.w.org\/{rel}","templated":true}]}}