{"id":261228,"date":"2025-02-03T13:37:23","date_gmt":"2025-02-03T11:37:23","guid":{"rendered":"https:\/\/abogadoses.net\/?page_id=261228"},"modified":"2025-02-03T14:13:10","modified_gmt":"2025-02-03T12:13:10","slug":"contable","status":"publish","type":"page","link":"https:\/\/abogadoses.net\/index.php\/servicios\/contable\/","title":{"rendered":"Contable"},"content":{"rendered":"<p>[et_pb_section fb_built=\u00bb1&#8243; theme_builder_area=\u00bbpost_content\u00bb _builder_version=\u00bb4.27.4&#8243; _module_preset=\u00bbdefault\u00bb][et_pb_row _builder_version=\u00bb4.27.4&#8243; _module_preset=\u00bbdefault\u00bb theme_builder_area=\u00bbpost_content\u00bb][et_pb_column _builder_version=\u00bb4.27.4&#8243; _module_preset=\u00bbdefault\u00bb type=\u00bb4_4&#8243; theme_builder_area=\u00bbpost_content\u00bb][et_pb_text _builder_version=\u00bb4.27.4&#8243; _module_preset=\u00bbdefault\u00bb theme_builder_area=\u00bbpost_content\u00bb hover_enabled=\u00bb0&#8243; sticky_enabled=\u00bb0&#8243;]<\/p>\n<div class=\"vc_row wpb_row vc_inner vc_row-fluid\" bis_skin_checked=\"1\">\n<div class=\"wpb_column vc_column_container vc_col-sm-8\" bis_skin_checked=\"1\">\n<div class=\"vc_column-inner\" bis_skin_checked=\"1\">\n<div class=\"wpb_wrapper\" bis_skin_checked=\"1\">\n<div class=\"wpb_text_column wpb_content_element \" bis_skin_checked=\"1\">\n<div class=\"wpb_wrapper\" bis_skin_checked=\"1\">\n<p><strong>MECANIZACION<\/strong><\/p>\n<ul>\n<li style=\"text-align: justify;\">Organizaci\u00f3n y clasificaci\u00f3n de la documentaci\u00f3n; facturas proveedores \u2013 acreedores, recibos y extractos bancarios, para su posterior contabilizaci\u00f3n. \u00a0En casos determinados las facturas de proveedores tienen que ser comprobadas con sus respectivos albaranes de compra.<\/li>\n<li style=\"text-align: justify;\">Mecanizada dicha documentaci\u00f3n, se realiza una revisi\u00f3n de las cuentas contables y cuadres de \u00e9stas.<\/li>\n<li style=\"text-align: justify;\">Las cuentas contables referentes a los bancos, se actualizan constantemente con su posterior conciliaci\u00f3n para que las carteras de clientes y proveedores sean lo m\u00e1s reales posibles.<\/li>\n<\/ul>\n<\/div>\n<\/div>\n<\/div>\n<\/div>\n<\/div>\n<div class=\"wpb_column vc_column_container vc_col-sm-4\" bis_skin_checked=\"1\">\n<div class=\"vc_column-inner\" bis_skin_checked=\"1\">\n<div class=\"wpb_wrapper\" bis_skin_checked=\"1\">\n<div class=\"vc_empty_space\" bis_skin_checked=\"1\"><span class=\"vc_empty_space_inner\"><\/span><\/div>\n<div class=\"wpb_single_image wpb_content_element vc_align_center\" bis_skin_checked=\"1\">\n<figure class=\"wpb_wrapper vc_figure\">\n<div class=\"vc_single_image-wrapper   vc_box_border_grey\" bis_skin_checked=\"1\"><img width=\"740\" height=\"555\" src=\"https:\/\/www.rpagyabogados.es\/wp-content\/uploads\/2020\/10\/PHOTO-2020-10-19-16-24-54-1024x768.jpg\" class=\"vc_single_image-img attachment-large\" alt=\"\" decoding=\"async\" loading=\"lazy\" title=\"PHOTO-2020-10-19-16-24-54\" srcset=\"https:\/\/www.rpagyabogados.es\/wp-content\/uploads\/2020\/10\/PHOTO-2020-10-19-16-24-54-1024x768.jpg 1024w, https:\/\/www.rpagyabogados.es\/wp-content\/uploads\/2020\/10\/PHOTO-2020-10-19-16-24-54-300x225.jpg 300w, https:\/\/www.rpagyabogados.es\/wp-content\/uploads\/2020\/10\/PHOTO-2020-10-19-16-24-54-768x576.jpg 768w, https:\/\/www.rpagyabogados.es\/wp-content\/uploads\/2020\/10\/PHOTO-2020-10-19-16-24-54-1536x1152.jpg 1536w, https:\/\/www.rpagyabogados.es\/wp-content\/uploads\/2020\/10\/PHOTO-2020-10-19-16-24-54.jpg 1600w\" sizes=\"100vw\" style=\"display: block; margin-left: auto; margin-right: auto;\" \/><\/div>\n<\/figure>\n<\/div>\n<\/div>\n<\/div>\n<\/div>\n<\/div>\n<div class=\"wpb_text_column wpb_content_element \" bis_skin_checked=\"1\">\n<div class=\"wpb_wrapper\" bis_skin_checked=\"1\">\n<ul>\n<li style=\"text-align: justify;\">Tras efectuar estos dos pasos se comunica al interesado, sea telef\u00f3nicamente, fax o por e-mail, la documentaci\u00f3n que reste por aportar para cuadrar dichas cuentas<\/li>\n<li style=\"text-align: justify;\">Organizaci\u00f3n y clasificaci\u00f3n de la documentaci\u00f3n; facturas proveedores \u2013 acreedores, recibos y extractos bancarios, para su posterior contabilizaci\u00f3n. \u00a0En casos determinados las facturas de proveedores tienen que ser comprobadas con sus respectivos albaranes de compra.<\/li>\n<\/ul>\n<\/div>\n<\/div>\n<div class=\"wpb_text_column wpb_content_element \" bis_skin_checked=\"1\">\n<div class=\"wpb_wrapper\" bis_skin_checked=\"1\">\n<p style=\"text-align: justify;\"><strong>ASESORAMIENTO<\/strong><\/p>\n<ul>\n<li style=\"text-align: justify;\">Tal como el nombre indica, se resuelven las consultas y preguntas que les puedan surgir a las empresas, sea telef\u00f3nicamente o person\u00e1ndonos en la oficina y contabilizando dichas dudas.<\/li>\n<li style=\"text-align: justify;\">En este apartado se incluye las amortizaciones y cierre del a\u00f1o, as\u00ed como la comprobaci\u00f3n del ejercicio en curso para la posterior elaboraci\u00f3n del Impuesto de Sociedades (fiscal).<\/li>\n<\/ul>\n<\/div>\n<\/div>\n<p>[\/et_pb_text][\/et_pb_column][\/et_pb_row][\/et_pb_section]<\/p>\n","protected":false},"excerpt":{"rendered":"<p>MECANIZACION Organizaci\u00f3n y clasificaci\u00f3n de la documentaci\u00f3n; facturas proveedores \u2013 acreedores, recibos y extractos bancarios, para su posterior contabilizaci\u00f3n. \u00a0En casos determinados las facturas de proveedores tienen que ser comprobadas con sus respectivos albaranes de compra. Mecanizada dicha documentaci\u00f3n, se realiza una revisi\u00f3n de las cuentas contables y cuadres de \u00e9stas. Las cuentas contables referentes [&hellip;]<\/p>\n","protected":false},"author":1,"featured_media":0,"parent":261165,"menu_order":0,"comment_status":"closed","ping_status":"closed","template":"","meta":{"_et_pb_use_builder":"on","_et_pb_old_content":"","_et_gb_content_width":"","footnotes":""},"class_list":["post-261228","page","type-page","status-publish","hentry"],"_links":{"self":[{"href":"https:\/\/abogadoses.net\/index.php\/wp-json\/wp\/v2\/pages\/261228","targetHints":{"allow":["GET"]}}],"collection":[{"href":"https:\/\/abogadoses.net\/index.php\/wp-json\/wp\/v2\/pages"}],"about":[{"href":"https:\/\/abogadoses.net\/index.php\/wp-json\/wp\/v2\/types\/page"}],"author":[{"embeddable":true,"href":"https:\/\/abogadoses.net\/index.php\/wp-json\/wp\/v2\/users\/1"}],"replies":[{"embeddable":true,"href":"https:\/\/abogadoses.net\/index.php\/wp-json\/wp\/v2\/comments?post=261228"}],"version-history":[{"count":2,"href":"https:\/\/abogadoses.net\/index.php\/wp-json\/wp\/v2\/pages\/261228\/revisions"}],"predecessor-version":[{"id":261231,"href":"https:\/\/abogadoses.net\/index.php\/wp-json\/wp\/v2\/pages\/261228\/revisions\/261231"}],"up":[{"embeddable":true,"href":"https:\/\/abogadoses.net\/index.php\/wp-json\/wp\/v2\/pages\/261165"}],"wp:attachment":[{"href":"https:\/\/abogadoses.net\/index.php\/wp-json\/wp\/v2\/media?parent=261228"}],"curies":[{"name":"wp","href":"https:\/\/api.w.org\/{rel}","templated":true}]}}