{"id":261197,"date":"2025-02-03T13:12:26","date_gmt":"2025-02-03T11:12:26","guid":{"rendered":"https:\/\/abogadoses.net\/?page_id=261197"},"modified":"2025-02-03T13:17:13","modified_gmt":"2025-02-03T11:17:13","slug":"mercantil","status":"publish","type":"page","link":"https:\/\/abogadoses.net\/index.php\/servicios\/mercantil\/","title":{"rendered":"Mercantil"},"content":{"rendered":"<p>[et_pb_section fb_built=\u00bb1&#8243; theme_builder_area=\u00bbpost_content\u00bb _builder_version=\u00bb4.27.4&#8243; _module_preset=\u00bbdefault\u00bb][et_pb_row _builder_version=\u00bb4.27.4&#8243; _module_preset=\u00bbdefault\u00bb theme_builder_area=\u00bbpost_content\u00bb column_structure=\u00bb2_5,3_5&#8243;][et_pb_column _builder_version=\u00bb4.27.4&#8243; _module_preset=\u00bbdefault\u00bb type=\u00bb2_5&#8243; theme_builder_area=\u00bbpost_content\u00bb][et_pb_text _builder_version=\u00bb4.27.4&#8243; _module_preset=\u00bbdefault\u00bb theme_builder_area=\u00bbpost_content\u00bb hover_enabled=\u00bb0&#8243; sticky_enabled=\u00bb0&#8243; custom_padding=\u00bb39px|||||\u00bb]<\/p>\n<ul>\n<li>Compraventa de empresas<\/li>\n<li>Desarrollo mercantil de operaciones fiscales<\/li>\n<li>Propiedad intelectual, propiedad industrial, competencia desleal<\/li>\n<li>Todo tipo de procedimientos judiciales ante los Juzgados de lo Mercantil<\/li>\n<li>Responsabilidad de Administradores de sociedades<\/li>\n<li>Procedimientos Concursales<\/li>\n<li>Constituci\u00f3n de sociedades<\/li>\n<li>Acuerdos sociales y modificaciones estatutarias<\/li>\n<li>Fusiones, escisiones, transformaciones<\/li>\n<li>Disoluciones y liquidaciones<\/li>\n<li>Secretar\u00edas de Consejo de Administraci\u00f3n<\/li>\n<li>Actas de Junta General y de Consejo de Administraci\u00f3n, llevanza de Libros<\/li>\n<li>Cuentas anuales<\/li>\n<li>Acuerdos de accionistas y salidas de socios<\/li>\n<li>Contrataci\u00f3n mercantil en general (compraventa, agencia, distribuci\u00f3n, franquicia, etc.)<\/li>\n<\/ul>\n<p>[\/et_pb_text][\/et_pb_column][et_pb_column _builder_version=\u00bb4.27.4&#8243; _module_preset=\u00bbdefault\u00bb type=\u00bb3_5&#8243; theme_builder_area=\u00bbpost_content\u00bb][et_pb_image src=\u00bbhttps:\/\/abogadoses.net\/wp-content\/uploads\/2025\/02\/foto_3.jpg\u00bb _builder_version=\u00bb4.27.4&#8243; _module_preset=\u00bbdefault\u00bb theme_builder_area=\u00bbpost_content\u00bb title_text=\u00bbfoto_3&#8243; hover_enabled=\u00bb0&#8243; sticky_enabled=\u00bb0&#8243;][\/et_pb_image][\/et_pb_column][\/et_pb_row][et_pb_row _builder_version=\u00bb4.27.4&#8243; _module_preset=\u00bbdefault\u00bb theme_builder_area=\u00bbpost_content\u00bb][et_pb_column _builder_version=\u00bb4.27.4&#8243; _module_preset=\u00bbdefault\u00bb type=\u00bb4_4&#8243; theme_builder_area=\u00bbpost_content\u00bb][et_pb_text _builder_version=\u00bb4.27.4&#8243; _module_preset=\u00bbdefault\u00bb theme_builder_area=\u00bbpost_content\u00bb global_colors_info=\u00bb{%22gcid-1cc525fe-f33a-4cfe-b931-21aa8cb59b57%22:%91%22header_4_text_color%22%93}\u00bb header_4_text_color=\u00bbgcid-1cc525fe-f33a-4cfe-b931-21aa8cb59b57&#8243; hover_enabled=\u00bb0&#8243; sticky_enabled=\u00bb0&#8243;]<\/p>\n<div class=\"wpb_text_column wpb_content_element \" bis_skin_checked=\"1\">\n<div class=\"wpb_wrapper\" bis_skin_checked=\"1\">\n<h4 style=\"text-align: left;\"><strong>CONCEPTOS QUE COMPRENDE:<\/strong><\/h4>\n<\/div>\n<\/div>\n<div class=\"wpb_text_column wpb_content_element \" bis_skin_checked=\"1\">\n<div class=\"wpb_wrapper\" bis_skin_checked=\"1\">\n<ul>\n<li style=\"text-align: justify;\">Consultas profesionales que puedan ser solventadas en el momento o cualquier otra que requiera mayor duraci\u00f3n o que exija examen de documentos y antecedentes o especial estudio del tema.<\/li>\n<li style=\"text-align: justify;\">Informes por escrito con exposici\u00f3n de antecedentes y consideraciones jur\u00eddicas<\/li>\n<li style=\"text-align: justify;\">Conferencias o entrevistas con otros letrados.Sesiones de trabajo con personas relacionadas con el asunto, asistencia a reuniones extrajudiciales, consejos, Juntas de Sociedades u otras Asambleas.<\/li>\n<li style=\"text-align: justify;\">Redacci\u00f3n de recibos de entregas de cantidad o cosas muebles<\/li>\n<li style=\"text-align: justify;\">Redacci\u00f3n de contratos, as\u00ed como revisi\u00f3n de propuestas contractuales formuladas de contrario, con su consiguiente examen de documentaci\u00f3n y estudio de \u00a0antecedentes y consecuencias de la propuesta, en todo tipo de asuntos en \u00a0materias \u00a0civil, mercantil y administrativo.<\/li>\n<li style=\"text-align: justify;\">Redacci\u00f3n de minutas para el otorgamiento de documentos notariales, compraventas, \u00a0operaciones societarias, actas, requerimientos, etc., encargo y entrevistas en la oficina notarial.<\/li>\n<li style=\"text-align: justify;\">Asistencia al otorgamiento con examen inmediato previo de escrituras y documentos autorizados por fedatario p\u00fablico.<\/li>\n<li style=\"text-align: justify;\">Constituci\u00f3n de \u00a0comunidades y sociedades mercantiles, examen de aportaciones y de su titulaci\u00f3n y, en su caso, redacci\u00f3n de estatutos.<\/li>\n<li style=\"text-align: justify;\">Redacci\u00f3n de transformaciones de sociedades, cambio de forma legal, denominaci\u00f3n, fusiones, escisiones y\/o absorciones.<\/li>\n<li style=\"text-align: justify;\">Consiguientes tramitaciones de la constituci\u00f3n de sociedades, alta en el censo de la Agencia Tributaria, obtenci\u00f3n de c\u00e9dula de identificaci\u00f3n fiscal, presentaci\u00f3n de declaraci\u00f3n y pago del impuesto de transmisiones en la DGA, presentaci\u00f3n de copia autorizada en el Registro Mercantil de la provincia correspondiente al domicilio social.<\/li>\n<li style=\"text-align: justify;\">Redacci\u00f3n de Actas y certificados de Juntas de Generales de las sociedades, y sus Consejos de Administraci\u00f3n.<\/li>\n<li style=\"text-align: justify;\">Reclamaciones de cantidad o requerimientos efectuados de forma extrajudicial. Interposici\u00f3n o intervenci\u00f3n en actos de conciliaci\u00f3n.<\/li>\n<li style=\"text-align: justify;\">Interposici\u00f3n de demandas judiciales y oposici\u00f3n a las interpuestas de contrario en los \u00f3rdenes jurisdiccionales civil, mercantil, social (laboral), administrativo, penal econ\u00f3mico, concursal, y responsabilidad de administradores de sociedades mercantiles.<\/li>\n<li style=\"text-align: justify;\">Interposici\u00f3n de medidas cautelares de car\u00e1cter previo, solicitudes de pruebas anticipadas e informaci\u00f3n preceptiva para la tramitaci\u00f3n de car\u00e1cter judicial, en todo tipo de procedimiento, civil, mercantil y administrativo. Interposici\u00f3n y oposici\u00f3n a juicios cambiarios.<\/li>\n<li style=\"text-align: justify;\">Tramitaci\u00f3n de ejecuciones provisionales y ejecuciones de resoluciones definitivas; \u00a0oposici\u00f3n a posibles ejecuciones judiciales formuladas de contrario, incluso en jurisdicci\u00f3n administrativa..<\/li>\n<li style=\"text-align: justify;\">Interposici\u00f3n de Recursos de Reposici\u00f3n, Recursos de Aclaraci\u00f3n, declinatorias o cuestiones incidentales, en todo tipo de procedimiento, civil, mercantil y administrativo. Intervenci\u00f3n en procesos sancionadores.<\/li>\n<li style=\"text-align: justify;\">Tramitaci\u00f3n de segunda instancia mediante recursos de apelaci\u00f3n ante las Audiencias Provinciales correspondientes y formulaci\u00f3n, en su caso, de oposici\u00f3n o impugnaci\u00f3n de recursos de apelaci\u00f3n.<\/li>\n<li style=\"text-align: justify;\">Tramitaciones previas de la v\u00eda administrativa mediante alegaciones y recursos preceptivos antes de la v\u00eda jurisdiccional Contencioso Administrativa.<\/li>\n<li style=\"text-align: justify;\">Dichas actuaciones comprenden la presencia en jurisdicciones diferentes a la del domicilio del despacho, con los consiguientes traslados a otras provincias y localidades.<\/li>\n<li style=\"text-align: justify;\">Ante la imposibilidad de ser exhaustivos en materia tan amplia, se propone la inclusi\u00f3n de actuaciones en asuntos y materias similares a las descritas, examin\u00e1ndose como cuesti\u00f3n aparte aquellas que resulten de especial complejidad, tanto por su tramitaci\u00f3n como por su envergadura.<\/li>\n<\/ul>\n<\/div>\n<\/div>\n<p>[\/et_pb_text][\/et_pb_column][\/et_pb_row][\/et_pb_section]<\/p>\n","protected":false},"excerpt":{"rendered":"<p>Compraventa de empresas Desarrollo mercantil de operaciones fiscales Propiedad intelectual, propiedad industrial, competencia desleal Todo tipo de procedimientos judiciales ante los Juzgados de lo Mercantil Responsabilidad de Administradores de sociedades Procedimientos Concursales Constituci\u00f3n de sociedades Acuerdos sociales y modificaciones estatutarias Fusiones, escisiones, transformaciones Disoluciones y liquidaciones Secretar\u00edas de Consejo de Administraci\u00f3n Actas de Junta General [&hellip;]<\/p>\n","protected":false},"author":1,"featured_media":0,"parent":261165,"menu_order":0,"comment_status":"closed","ping_status":"closed","template":"","meta":{"_et_pb_use_builder":"on","_et_pb_old_content":"","_et_gb_content_width":"","footnotes":""},"class_list":["post-261197","page","type-page","status-publish","hentry"],"_links":{"self":[{"href":"https:\/\/abogadoses.net\/index.php\/wp-json\/wp\/v2\/pages\/261197","targetHints":{"allow":["GET"]}}],"collection":[{"href":"https:\/\/abogadoses.net\/index.php\/wp-json\/wp\/v2\/pages"}],"about":[{"href":"https:\/\/abogadoses.net\/index.php\/wp-json\/wp\/v2\/types\/page"}],"author":[{"embeddable":true,"href":"https:\/\/abogadoses.net\/index.php\/wp-json\/wp\/v2\/users\/1"}],"replies":[{"embeddable":true,"href":"https:\/\/abogadoses.net\/index.php\/wp-json\/wp\/v2\/comments?post=261197"}],"version-history":[{"count":3,"href":"https:\/\/abogadoses.net\/index.php\/wp-json\/wp\/v2\/pages\/261197\/revisions"}],"predecessor-version":[{"id":261202,"href":"https:\/\/abogadoses.net\/index.php\/wp-json\/wp\/v2\/pages\/261197\/revisions\/261202"}],"up":[{"embeddable":true,"href":"https:\/\/abogadoses.net\/index.php\/wp-json\/wp\/v2\/pages\/261165"}],"wp:attachment":[{"href":"https:\/\/abogadoses.net\/index.php\/wp-json\/wp\/v2\/media?parent=261197"}],"curies":[{"name":"wp","href":"https:\/\/api.w.org\/{rel}","templated":true}]}}