{"id":261165,"date":"2025-02-03T12:44:35","date_gmt":"2025-02-03T10:44:35","guid":{"rendered":"https:\/\/abogadoses.net\/?page_id=261165"},"modified":"2025-02-03T13:05:51","modified_gmt":"2025-02-03T11:05:51","slug":"servicios","status":"publish","type":"page","link":"https:\/\/abogadoses.net\/index.php\/servicios\/","title":{"rendered":"Servicios"},"content":{"rendered":"<p>[et_pb_section fb_built=\u00bb1&#8243; theme_builder_area=\u00bbpost_content\u00bb _builder_version=\u00bb4.27.4&#8243; _module_preset=\u00bbdefault\u00bb][et_pb_row _builder_version=\u00bb4.27.4&#8243; _module_preset=\u00bbdefault\u00bb theme_builder_area=\u00bbpost_content\u00bb][et_pb_column _builder_version=\u00bb4.27.4&#8243; _module_preset=\u00bbdefault\u00bb type=\u00bb4_4&#8243; theme_builder_area=\u00bbpost_content\u00bb][et_pb_text _builder_version=\u00bb4.27.4&#8243; _module_preset=\u00bbdefault\u00bb theme_builder_area=\u00bbpost_content\u00bb hover_enabled=\u00bb0&#8243; sticky_enabled=\u00bb0&#8243; header_text_color=\u00bb#ff7355&#8243; header_5_text_color=\u00bbgcid-1cc525fe-f33a-4cfe-b931-21aa8cb59b57&#8243; global_colors_info=\u00bb{%22gcid-1cc525fe-f33a-4cfe-b931-21aa8cb59b57%22:%91%22header_5_text_color%22,%22header_4_text_color%22%93}\u00bb header_4_text_color=\u00bbgcid-1cc525fe-f33a-4cfe-b931-21aa8cb59b57&#8243;]<\/p>\n<div class=\"vc_row wpb_row vc_inner vc_row-fluid\" bis_skin_checked=\"1\">\n<div class=\"wpb_column vc_column_container vc_col-sm-12\" bis_skin_checked=\"1\">\n<div class=\"vc_column-inner\" bis_skin_checked=\"1\">\n<div class=\"wpb_wrapper\" bis_skin_checked=\"1\">\n<div class=\"wpb_text_column wpb_content_element \" bis_skin_checked=\"1\">\n<div class=\"wpb_wrapper\" bis_skin_checked=\"1\">\n<p>Los servicios que presta la sociedad, se pueden resumir en los siguientes:<\/p>\n<h4 style=\"text-align: center;\"><strong style=\"text-align: center;\">ASESORAMIENTO JUR\u00cdDICO, ADMINISTRATIVO, CONTRATACI\u00d3N CIVIL Y ADMINISTRATIVA, MERCANTIL Y SOCIETARIO.<\/strong><\/h4>\n<p><strong style=\"text-align: center;\"><\/strong><\/p>\n<p><strong style=\"text-align: center;\"><\/strong><\/p>\n<\/div>\n<\/div>\n<\/div>\n<\/div>\n<\/div>\n<\/div>\n<div class=\"vc_row wpb_row vc_inner vc_row-fluid\" bis_skin_checked=\"1\">\n<div class=\"wpb_column vc_column_container vc_col-sm-12\" bis_skin_checked=\"1\">\n<div class=\"vc_column-inner\" bis_skin_checked=\"1\">\n<div class=\"wpb_wrapper\" bis_skin_checked=\"1\">\n<div class=\"wpb_text_column wpb_content_element \" bis_skin_checked=\"1\">\n<div class=\"wpb_wrapper\" bis_skin_checked=\"1\">\n<p style=\"text-align: left;\"><span style=\"font-size: 16px;\">\u00c1rea mercantil, Administrativo, Civil, Procesal y Penal Econ\u00f3mico<\/span><\/p>\n<\/div>\n<\/div>\n<div class=\"wpb_text_column wpb_content_element \" bis_skin_checked=\"1\">\n<div class=\"wpb_wrapper\" bis_skin_checked=\"1\">\n<p>Nuestro departamento legal, se ocupa de cuantos asuntos nos sean planteados en relaci\u00f3n con dichas materias, entre otras, las que a continuaci\u00f3n enumeramos:<\/p>\n<\/div>\n<\/div>\n<\/div>\n<\/div>\n<\/div>\n<\/div>\n<p>[\/et_pb_text][\/et_pb_column][\/et_pb_row][et_pb_row _builder_version=\u00bb4.27.4&#8243; _module_preset=\u00bbdefault\u00bb theme_builder_area=\u00bbpost_content\u00bb column_structure=\u00bb1_3,1_3,1_3&#8243;][et_pb_column _builder_version=\u00bb4.27.4&#8243; _module_preset=\u00bbdefault\u00bb type=\u00bb1_3&#8243; theme_builder_area=\u00bbpost_content\u00bb][et_pb_image src=\u00bbhttps:\/\/abogadoses.net\/wp-content\/uploads\/2025\/02\/home-150&#215;150-1.png\u00bb _builder_version=\u00bb4.27.4&#8243; _module_preset=\u00bbdefault\u00bb theme_builder_area=\u00bbpost_content\u00bb title_text=\u00bbhome-150&#215;150&#8243; hover_enabled=\u00bb0&#8243; sticky_enabled=\u00bb0&#8243; align=\u00bbcenter\u00bb][\/et_pb_image][et_pb_text _builder_version=\u00bb4.27.4&#8243; _module_preset=\u00bbdefault\u00bb theme_builder_area=\u00bbpost_content\u00bb hover_enabled=\u00bb0&#8243; sticky_enabled=\u00bb0&#8243;]<\/p>\n<h5 style=\"text-align: center;\">MERCANTIL<\/h5>\n<p>[\/et_pb_text][\/et_pb_column][et_pb_column _builder_version=\u00bb4.27.4&#8243; _module_preset=\u00bbdefault\u00bb type=\u00bb1_3&#8243; theme_builder_area=\u00bbpost_content\u00bb][et_pb_image src=\u00bbhttps:\/\/abogadoses.net\/wp-content\/uploads\/2025\/02\/civil-150&#215;150-1.png\u00bb _builder_version=\u00bb4.27.4&#8243; _module_preset=\u00bbdefault\u00bb theme_builder_area=\u00bbpost_content\u00bb title_text=\u00bbcivil-150&#215;150&#8243; hover_enabled=\u00bb0&#8243; sticky_enabled=\u00bb0&#8243; align=\u00bbcenter\u00bb][\/et_pb_image][et_pb_text _builder_version=\u00bb4.27.4&#8243; _module_preset=\u00bbdefault\u00bb theme_builder_area=\u00bbpost_content\u00bb hover_enabled=\u00bb0&#8243; sticky_enabled=\u00bb0&#8243;]<\/p>\n<h5 style=\"text-align: center;\">CIVIL<\/h5>\n<p>[\/et_pb_text][\/et_pb_column][et_pb_column _builder_version=\u00bb4.27.4&#8243; _module_preset=\u00bbdefault\u00bb type=\u00bb1_3&#8243; theme_builder_area=\u00bbpost_content\u00bb][et_pb_image src=\u00bbhttps:\/\/abogadoses.net\/wp-content\/uploads\/2025\/02\/PENAL-150&#215;150-1.png\u00bb _builder_version=\u00bb4.27.4&#8243; _module_preset=\u00bbdefault\u00bb theme_builder_area=\u00bbpost_content\u00bb title_text=\u00bbPENAL-150&#215;150&#8243; hover_enabled=\u00bb0&#8243; sticky_enabled=\u00bb0&#8243; align=\u00bbcenter\u00bb][\/et_pb_image][et_pb_text _builder_version=\u00bb4.27.4&#8243; _module_preset=\u00bbdefault\u00bb theme_builder_area=\u00bbpost_content\u00bb hover_enabled=\u00bb0&#8243; sticky_enabled=\u00bb0&#8243;]<\/p>\n<h5 style=\"text-align: center;\">PENAL ECON\u00d3MICO<\/h5>\n<p>[\/et_pb_text][\/et_pb_column][\/et_pb_row][et_pb_row _builder_version=\u00bb4.27.4&#8243; _module_preset=\u00bbdefault\u00bb theme_builder_area=\u00bbpost_content\u00bb column_structure=\u00bb1_3,1_3,1_3&#8243;][et_pb_column _builder_version=\u00bb4.27.4&#8243; _module_preset=\u00bbdefault\u00bb type=\u00bb1_3&#8243; theme_builder_area=\u00bbpost_content\u00bb][et_pb_image src=\u00bbhttps:\/\/abogadoses.net\/wp-content\/uploads\/2025\/02\/procesal-150&#215;150-1.png\u00bb _builder_version=\u00bb4.27.4&#8243; _module_preset=\u00bbdefault\u00bb theme_builder_area=\u00bbpost_content\u00bb title_text=\u00bbprocesal-150&#215;150&#8243; hover_enabled=\u00bb0&#8243; sticky_enabled=\u00bb0&#8243; align=\u00bbcenter\u00bb][\/et_pb_image][et_pb_text _builder_version=\u00bb4.27.4&#8243; _module_preset=\u00bbdefault\u00bb theme_builder_area=\u00bbpost_content\u00bb hover_enabled=\u00bb0&#8243; sticky_enabled=\u00bb0&#8243;]<\/p>\n<h5 style=\"text-align: center;\">PROCESAL<\/h5>\n<p>[\/et_pb_text][\/et_pb_column][et_pb_column _builder_version=\u00bb4.27.4&#8243; _module_preset=\u00bbdefault\u00bb type=\u00bb1_3&#8243; theme_builder_area=\u00bbpost_content\u00bb][et_pb_image src=\u00bbhttps:\/\/abogadoses.net\/wp-content\/uploads\/2025\/02\/ADMIN-150&#215;150-1.png\u00bb _builder_version=\u00bb4.27.4&#8243; _module_preset=\u00bbdefault\u00bb theme_builder_area=\u00bbpost_content\u00bb title_text=\u00bbADMIN-150&#215;150&#8243; hover_enabled=\u00bb0&#8243; sticky_enabled=\u00bb0&#8243; align=\u00bbcenter\u00bb][\/et_pb_image][et_pb_text _builder_version=\u00bb4.27.4&#8243; _module_preset=\u00bbdefault\u00bb theme_builder_area=\u00bbpost_content\u00bb hover_enabled=\u00bb0&#8243; sticky_enabled=\u00bb0&#8243;]<\/p>\n<h5 style=\"text-align: center;\">ADMIN.<\/h5>\n<p>[\/et_pb_text][\/et_pb_column][et_pb_column _builder_version=\u00bb4.27.4&#8243; _module_preset=\u00bbdefault\u00bb type=\u00bb1_3&#8243; theme_builder_area=\u00bbpost_content\u00bb][et_pb_image src=\u00bbhttps:\/\/abogadoses.net\/wp-content\/uploads\/2025\/02\/SOCIO-150&#215;150-1.png\u00bb _builder_version=\u00bb4.27.4&#8243; _module_preset=\u00bbdefault\u00bb theme_builder_area=\u00bbpost_content\u00bb title_text=\u00bbSOCIO-150&#215;150&#8243; hover_enabled=\u00bb0&#8243; sticky_enabled=\u00bb0&#8243; align=\u00bbcenter\u00bb][\/et_pb_image][et_pb_text _builder_version=\u00bb4.27.4&#8243; _module_preset=\u00bbdefault\u00bb theme_builder_area=\u00bbpost_content\u00bb hover_enabled=\u00bb0&#8243; sticky_enabled=\u00bb0&#8243;]<\/p>\n<h5 style=\"text-align: center;\">DELITOS SOCIETARIOS<\/h5>\n<p>[\/et_pb_text][\/et_pb_column][\/et_pb_row][et_pb_row _builder_version=\u00bb4.27.4&#8243; _module_preset=\u00bbdefault\u00bb theme_builder_area=\u00bbpost_content\u00bb][et_pb_column _builder_version=\u00bb4.27.4&#8243; _module_preset=\u00bbdefault\u00bb type=\u00bb4_4&#8243; theme_builder_area=\u00bbpost_content\u00bb][et_pb_text _builder_version=\u00bb4.27.4&#8243; _module_preset=\u00bbdefault\u00bb theme_builder_area=\u00bbpost_content\u00bb global_colors_info=\u00bb{%22gcid-1cc525fe-f33a-4cfe-b931-21aa8cb59b57%22:%91%22header_5_text_color%22,%22header_4_text_color%22%93}\u00bb header_5_text_color=\u00bbgcid-1cc525fe-f33a-4cfe-b931-21aa8cb59b57&#8243; hover_enabled=\u00bb0&#8243; sticky_enabled=\u00bb0&#8243; header_4_text_color=\u00bbgcid-1cc525fe-f33a-4cfe-b931-21aa8cb59b57&#8243;]<\/p>\n<div class=\"wpb_text_column wpb_content_element \" bis_skin_checked=\"1\">\n<div class=\"wpb_wrapper\" bis_skin_checked=\"1\">\n<h4 style=\"text-align: center;\"><strong>ASESORAMIENTO, CONTABLE, FINANCIERO, LABORAL Y FISCAL<\/strong><\/h4>\n<p><strong><\/strong><\/p>\n<\/div>\n<\/div>\n<div class=\"vc_row wpb_row vc_inner vc_row-fluid\" bis_skin_checked=\"1\">\n<div class=\"wpb_text_column wpb_content_element \" bis_skin_checked=\"1\">\n<div class=\"wpb_wrapper\" bis_skin_checked=\"1\">\n<p><strong>Gesti\u00f3n contable, laboral y fiscal<\/strong><\/p>\n<ul>\n<li>Servicio integral de gesti\u00f3n a nuestros clientes, consistente en:<\/li>\n<li>Servicios contables (registro de operaciones contables, llevanza y presentaci\u00f3n de libros oficiales, etc.)<\/li>\n<li>Gesti\u00f3n laboral y de Seguridad Social (altas y bajas de trabajadores y empresas, gesti\u00f3n de n\u00f3minas, incidencias, convenios colectivos, seguros sociales, etc.)<\/li>\n<li>Presentaci\u00f3n de declaraciones de personas f\u00edsicas y jur\u00eddicas (IRPF, IVA, IS, 347, 036, etc.).<\/li>\n<\/ul>\n<\/div>\n<\/div>\n<\/div>\n<p>[\/et_pb_text][\/et_pb_column][\/et_pb_row][et_pb_row _builder_version=\u00bb4.27.4&#8243; _module_preset=\u00bbdefault\u00bb theme_builder_area=\u00bbpost_content\u00bb column_structure=\u00bb1_4,1_4,1_4,1_4&#8243;][et_pb_column _builder_version=\u00bb4.27.4&#8243; _module_preset=\u00bbdefault\u00bb type=\u00bb1_4&#8243; theme_builder_area=\u00bbpost_content\u00bb][et_pb_image src=\u00bbhttps:\/\/abogadoses.net\/wp-content\/uploads\/2025\/02\/l-150&#215;150-1.png\u00bb _builder_version=\u00bb4.27.4&#8243; _module_preset=\u00bbdefault\u00bb theme_builder_area=\u00bbpost_content\u00bb title_text=\u00bbl-150&#215;150&#8243; align=\u00bbcenter\u00bb hover_enabled=\u00bb0&#8243; sticky_enabled=\u00bb0&#8243;][\/et_pb_image][et_pb_text _builder_version=\u00bb4.27.4&#8243; _module_preset=\u00bbdefault\u00bb theme_builder_area=\u00bbpost_content\u00bb hover_enabled=\u00bb0&#8243; sticky_enabled=\u00bb0&#8243;]<\/p>\n<h5 style=\"text-align: center;\">LABORAL<\/h5>\n<p>[\/et_pb_text][\/et_pb_column][et_pb_column _builder_version=\u00bb4.27.4&#8243; _module_preset=\u00bbdefault\u00bb type=\u00bb1_4&#8243; theme_builder_area=\u00bbpost_content\u00bb][et_pb_image src=\u00bbhttps:\/\/abogadoses.net\/wp-content\/uploads\/2025\/02\/contable-150&#215;150-1.png\u00bb _builder_version=\u00bb4.27.4&#8243; _module_preset=\u00bbdefault\u00bb theme_builder_area=\u00bbpost_content\u00bb title_text=\u00bbcontable-150&#215;150&#8243; hover_enabled=\u00bb0&#8243; sticky_enabled=\u00bb0&#8243; align=\u00bbcenter\u00bb][\/et_pb_image][et_pb_text _builder_version=\u00bb4.27.4&#8243; _module_preset=\u00bbdefault\u00bb theme_builder_area=\u00bbpost_content\u00bb hover_enabled=\u00bb0&#8243; sticky_enabled=\u00bb0&#8243;]<\/p>\n<h5 style=\"text-align: center;\">CONTABLE<\/h5>\n<p>[\/et_pb_text][\/et_pb_column][et_pb_column _builder_version=\u00bb4.27.4&#8243; _module_preset=\u00bbdefault\u00bb type=\u00bb1_4&#8243; theme_builder_area=\u00bbpost_content\u00bb][et_pb_image src=\u00bbhttps:\/\/abogadoses.net\/wp-content\/uploads\/2025\/02\/contable-1-150&#215;150-1.png\u00bb _builder_version=\u00bb4.27.4&#8243; _module_preset=\u00bbdefault\u00bb theme_builder_area=\u00bbpost_content\u00bb title_text=\u00bbcontable-1-150&#215;150&#8243; hover_enabled=\u00bb0&#8243; sticky_enabled=\u00bb0&#8243; align=\u00bbcenter\u00bb][\/et_pb_image][et_pb_text _builder_version=\u00bb4.27.4&#8243; _module_preset=\u00bbdefault\u00bb theme_builder_area=\u00bbpost_content\u00bb hover_enabled=\u00bb0&#8243; sticky_enabled=\u00bb0&#8243;]<\/p>\n<h5 style=\"text-align: center;\">FISCAL<\/h5>\n<p>[\/et_pb_text][\/et_pb_column][et_pb_column _builder_version=\u00bb4.27.4&#8243; _module_preset=\u00bbdefault\u00bb type=\u00bb1_4&#8243; theme_builder_area=\u00bbpost_content\u00bb][et_pb_image src=\u00bbhttps:\/\/abogadoses.net\/wp-content\/uploads\/2025\/02\/otrod-150&#215;150-1.png\u00bb _builder_version=\u00bb4.27.4&#8243; _module_preset=\u00bbdefault\u00bb theme_builder_area=\u00bbpost_content\u00bb title_text=\u00bbotrod-150&#215;150&#8243; align=\u00bbcenter\u00bb hover_enabled=\u00bb0&#8243; sticky_enabled=\u00bb0&#8243;][\/et_pb_image][et_pb_text _builder_version=\u00bb4.27.4&#8243; _module_preset=\u00bbdefault\u00bb theme_builder_area=\u00bbpost_content\u00bb hover_enabled=\u00bb0&#8243; sticky_enabled=\u00bb0&#8243;]<\/p>\n<h5 style=\"text-align: center;\">OTROS<\/h5>\n<p>[\/et_pb_text][\/et_pb_column][\/et_pb_row][\/et_pb_section]<\/p>\n","protected":false},"excerpt":{"rendered":"<p>Los servicios que presta la sociedad, se pueden resumir en los siguientes: ASESORAMIENTO JUR\u00cdDICO, ADMINISTRATIVO, CONTRATACI\u00d3N CIVIL Y ADMINISTRATIVA, MERCANTIL Y SOCIETARIO. \u00c1rea mercantil, Administrativo, Civil, Procesal y Penal Econ\u00f3mico Nuestro departamento legal, se ocupa de cuantos asuntos nos sean planteados en relaci\u00f3n con dichas materias, entre otras, las que a continuaci\u00f3n enumeramos: MERCANTILCIVILPENAL ECON\u00d3MICOPROCESALADMIN.DELITOS [&hellip;]<\/p>\n","protected":false},"author":1,"featured_media":0,"parent":0,"menu_order":0,"comment_status":"closed","ping_status":"closed","template":"","meta":{"_et_pb_use_builder":"on","_et_pb_old_content":"","_et_gb_content_width":"","footnotes":""},"class_list":["post-261165","page","type-page","status-publish","hentry"],"_links":{"self":[{"href":"https:\/\/abogadoses.net\/index.php\/wp-json\/wp\/v2\/pages\/261165","targetHints":{"allow":["GET"]}}],"collection":[{"href":"https:\/\/abogadoses.net\/index.php\/wp-json\/wp\/v2\/pages"}],"about":[{"href":"https:\/\/abogadoses.net\/index.php\/wp-json\/wp\/v2\/types\/page"}],"author":[{"embeddable":true,"href":"https:\/\/abogadoses.net\/index.php\/wp-json\/wp\/v2\/users\/1"}],"replies":[{"embeddable":true,"href":"https:\/\/abogadoses.net\/index.php\/wp-json\/wp\/v2\/comments?post=261165"}],"version-history":[{"count":8,"href":"https:\/\/abogadoses.net\/index.php\/wp-json\/wp\/v2\/pages\/261165\/revisions"}],"predecessor-version":[{"id":261187,"href":"https:\/\/abogadoses.net\/index.php\/wp-json\/wp\/v2\/pages\/261165\/revisions\/261187"}],"wp:attachment":[{"href":"https:\/\/abogadoses.net\/index.php\/wp-json\/wp\/v2\/media?parent=261165"}],"curies":[{"name":"wp","href":"https:\/\/api.w.org\/{rel}","templated":true}]}}